{"id":888,"date":"2020-08-03T08:39:19","date_gmt":"2020-08-03T08:39:19","guid":{"rendered":"http:\/\/wordpress.qigu.app\/eula\/"},"modified":"2020-12-03T21:57:07","modified_gmt":"2020-12-03T21:57:07","slug":"eula","status":"publish","type":"page","link":"https:\/\/qigu.app\/de\/eula\/","title":{"rendered":"Endnutzer-Lizenzvereinbarung"},"content":{"rendered":"\n<hr class=\"wp-block-separator\"\/>\n\n\n\n<p><span style=\"color:#b5b5b2\" class=\"has-inline-color\">Letzte Aktualisierung: 21. Januar 2020<\/span><\/p>\n\n\n\n<hr class=\"wp-block-separator\"\/>\n\n\n\n<p>Bitte lesen Sie diese Endnutzer-Lizenzvereinbarung (\u201edie Vereinbarung\u201c) sorgf\u00e4ltig, bevor Sie beim Runterladen oder Benutzen von Qigu (\u201eder Applikation&#8221;) den Button \u201eIch bin einverstanden\u201c anklicken.<\/p>\n\n\n\n<p>Indem Sie den Button \u201eIch bin einverstanden\u201c anklicken, die Applikation runterladen oder benutzen, erkl\u00e4ren Sie Ihr Einverst\u00e4ndnis, sich an die Bestimmungen dieser Vereinbarung zu halten.<\/p>\n\n\n\n<p>Diese Vereinbarung ist eine rechtliche Vereinbarung zwischen Ihnen (entweder einer Person, oder einer strukturellen Einheit) und Qigu SAS und regelt Ihre Nutzung der Ihnen von Qigu SAS bereitgestellten Applikation.<\/p>\n\n\n\n<p>Wenn Sie den Bestimmungen dieser Vereinbarung nicht zustimmen, klicken Sie nicht auf den Button \u201eIch bin einverstanden\u201c und benutzen oder laden die Applikation nicht runter.<\/p>\n\n\n\n<p>Die Applikation wird Ihnen nicht verkauft, sondern Sie erhalten von Qigu SAS eine Lizenz f\u00fcr den Gebrauch unter genauer Einhaltung der Bestimmungen dieser Vereinbarung.<\/p>\n\n\n\n<hr class=\"wp-block-separator\"\/>\n\n\n\n<h2 class=\"wp-block-heading\">Lizenz<\/h2>\n\n\n\n<p>Qigu SAS gew\u00e4hrt Ihnen eine wiederrufbare, nicht exklusive, nicht \u00fcbertragbare, eingeschr\u00e4nkte Lizenz, zum Runterladen, Installieren und Nutzen der Applikation, ausschlie\u00dflich f\u00fcr Ihre pers\u00f6nlichen, nicht gesch\u00e4ftlichen Zwecke, unter genauer Einhaltung der Bestimmungen dieser Vereinbarung.<\/p>\n\n\n\n<hr class=\"wp-block-separator\"\/>\n\n\n\n<h2 class=\"wp-block-heading\">Einschr\u00e4nkungen<\/h2>\n\n\n\n<p>Sie unterlassen und erlauben auch nicht anderen:<\/p>\n\n\n\n<ul class=\"wp-block-list\"><li>die Applikation zu lizensieren, ver\u00e4u\u00dfern, vermieten, leasen, abzutreten, verteilen, \u00fcbertragen, hosten, auszugliedern, offenzulegen oder anderweitig gesch\u00e4ftlich zu nutzen oder die Applikation Dritten zug\u00e4nglich zu machen.<\/li><li>die Applikation zu kopieren oder zu irgendwelchen anderen, als dem im vorstehenden Abschnitt &#8216;Lizenz\u2018 beschriebenen Zweck zu nutzen.<\/li><li>jegliche Teile der Applikation zu ver\u00e4ndern, davon abgeleitete Werke zu erstellen, in ihre Bestandteile zu zerlegen, zu entschl\u00fcsseln, neu zusammenzustellen, oder r\u00fcckzuentwickeln.<\/li><li>irgendwelche Eigent\u00fcmerhinweise von Qigu SAS oder seinen Tochtergesellschaften, Partner, Zulieferern oder Lizenzgebern der Applikation zu entfernen, ver\u00e4ndern oder zu verbergen (einschlie\u00dflich s\u00e4mtlicher urheber- oder markenrechtlicher Hinweise).<\/li><\/ul>\n\n\n\n<hr class=\"wp-block-separator\"\/>\n\n\n\n<h2 class=\"wp-block-heading\">Geistiges Eigentum<\/h2>\n\n\n\n<p>Die Applikation, einschlie\u00dflich und ohne Einschr\u00e4nkung aller Urheberrechte, Patente, Markenrechte, Firmengeheimnisse und anderweitigen geistigen Eigentumsrechte sind und verbleiben alleiniges und exklusives Eigentum von Qigu SAS.<\/p>\n\n\n\n<hr class=\"wp-block-separator\"\/>\n\n\n\n<h2 class=\"wp-block-heading\">Vorschl\u00e4ge Ihrerseits<\/h2>\n\n\n\n<p>S\u00e4mtliche von Ihnen hinsichtlich der Applikation an Qigu SAS gerichtete Feedbacks, Kommentare, Ideen, Verbesserungen oder Vorschl\u00e4ge (summarisch \u201eVorschl\u00e4ge\u201c) verbleiben alleiniges und exklusives Eigentum von Qigu SAS.<\/p>\n\n\n\n<p>Qigu SAS steht es frei, die Vorschl\u00e4ge f\u00fcr jedwede Zwecke und in jeder Weise ohne Sie zu nennen oder zu entlohnen, zu nutzen, kopieren, ver\u00e4ndern, ver\u00f6ffentlichen oder weiterzuverteilen.<\/p>\n\n\n\n<hr class=\"wp-block-separator\"\/>\n\n\n\n<h2 class=\"wp-block-heading\">\u00c4nderungen an der Applikation<\/h2>\n\n\n\n<p>Qigu SAS beh\u00e4lt sich das Recht vor, die Applikation, oder jegliche damit zusammenh\u00e4ngende Dienste, mit oder ohne Benachrichtigung und Haftbarkeit Ihnen gegen\u00fcber, zu ver\u00e4ndern, zeitweilig oder dauerhaft aufzuheben, oder einzustellen.<\/p>\n\n\n\n<hr class=\"wp-block-separator\"\/>\n\n\n\n<h2 class=\"wp-block-heading\">Updates f\u00fcr die Applikation<\/h2>\n\n\n\n<p>Qigu SAS wird m\u00f6glicherweise von Zeit zu Zeit Optimierungen oder Verbesserungen der Merkmale\/Funktionen der Applikation bereitstellen, wozu Patches, Fehlerbereinigungen, Updates, Upgrades und andere Ver\u00e4nderungen (\u201eUpdates&#8221;) z\u00e4hlen k\u00f6nnen.<\/p>\n\n\n\n<p>Updates k\u00f6nnen bestimmte Merkmale und\/oder Funktionen ver\u00e4ndern oder beseitigen. Sie verstehen sich dazu, dass Qigu SAS in keiner Weise verpflichtet ist, (i) irgendwelche Updates bereitzustellen, oder (ii) Ihnen fortw\u00e4hrend irgendwelche besonderen Merkmale und\/oder Funktionen der Applikation bereitzustellen oder nutzbar zu machen.<\/p>\n\n\n\n<p>Weiter akzeptieren Sie, dass alle Updates (i) als integraler Bestandteil der Applikation angesehen werden und (ii) den Bestimmungen der Vereinbarung unterliegen.<\/p>\n\n\n\n<hr class=\"wp-block-separator\"\/>\n\n\n\n<h2 class=\"wp-block-heading\">Dienste von Drittanbietern<\/h2>\n\n\n\n<p>Die Applikation kann Inhalte Dritter anzeigen, beinhalten oder verf\u00fcgbar machen (einschlie\u00dflich Daten, Informationen, Applikationen und anderen Produkten oder Diensten) oder Links zu Websites oder Diensten Dritter (\u201eDienste von Drittanbietern\u201c).<\/p>\n\n\n\n<p>Sie best\u00e4tigen und erkl\u00e4ren, dass Qigu SAS keinerlei Verantwortung f\u00fcr jegliche Dienste von Drittanbietern tr\u00e4gt, einschlie\u00dflich der Genauigkeit, Vollst\u00e4ndigkeit, Aktualit\u00e4t, G\u00fcltigkeit, Einhaltung von Urheberrechten, Rechtm\u00e4\u00dfigkeit, Wohlanst\u00e4ndigkeit, Qualit\u00e4t oder jeglicher anderer Aspekte in diesem Zusammenhang. Hinsichtlich jedweder Dienste von Drittanbietern \u00fcbernimmt und hat Qigu SAS keinerlei Haftbarkeit oder Verantwortlichkeit Ihnen oder jeglicher anderen Person oder Struktur gegen\u00fcber.<\/p>\n\n\n\n<p>Drittanbieterdienste und Links darauf werden Ihnen lediglich zu Ihrer Annehmlichkeit zur Verf\u00fcgung gestellt und Sie greifen darauf zu und nutzen sie ausschlie\u00dflich auf eigenes Risiko und gem\u00e4\u00df der Bestimmungen solcher Drittanbieter.<\/p>\n\n\n\n<hr class=\"wp-block-separator\"\/>\n\n\n\n<h2 class=\"wp-block-heading\">Datenschutz<\/h2>\n\n\n\n<p>Qigu SAS sammelt, lagert, bewahrt und teilt unter Beachtung seiner Datenschutzbestimmungen Informationen \u00fcber Sie. Die Bestimmungen sind unter <a href=\"https:\/\/qigu.app\/de\/privacy\/\">https:\/\/qigu.app\/privacy<\/a> einsehbar. Indem Sie diese Vereinbarung akzeptieren, best\u00e4tigen Sie, dass Sie sich hiermit mit unseren Datenschutzbestimmungen einverstanden erkl\u00e4ren und ihnen zustimmen.<\/p>\n\n\n\n<hr class=\"wp-block-separator\"\/>\n\n\n\n<h2 class=\"wp-block-heading\">G\u00fcltigkeitsdauer und -ende<\/h2>\n\n\n\n<p>Diese Vereinbarung bleibt in Kraft, bis sie von Ihnen oder Qigu SAS aufgek\u00fcndigt wird.<\/p>\n\n\n\n<p>Qigu SAS kann in eigenem Ermessen, jederzeit und ohne Begr\u00fcndung diese Vereinbarung aufheben oder aufk\u00fcndigen.<\/p>\n\n\n\n<p>Wenn Sie irgendeine Bestimmung dieser Vereinbarung verletzen, wird Qigu SAS diese Vereinbarung unverz\u00fcglich und ohne vorausgehende Benachrichtigung aufk\u00fcndigen. Sie k\u00f6nnen die Vereinbarung aufk\u00fcndigen, indem Sie die Applikation und alle Kopien davon von Ihrem mobilen Endger\u00e4t oder Rechner l\u00f6schen.<\/p>\n\n\n\n<p>Bei Aufk\u00fcndigung dieser Vereinbarung stellen Sie jegliche Nutzung der Applikation ein und l\u00f6schen alle Kopien der Applikation von Ihrem mobilen Endger\u00e4t oder Rechner.<\/p>\n\n\n\n<p>Im Fall der Nichtbeachtung irgendwelcher Ihnen aus der vorliegenden Vereinbarung erwachsenden Verpflichtungen (w\u00e4hrend der Laufzeit dieser Vereinbarung), zieht die Aufk\u00fcndigung dieser Vereinbarung keine Einschr\u00e4nkung von Qigu SAS Rechten, Rechtsmitteln oder Billigkeitsanspr\u00fcchen nach sich.<\/p>\n\n\n\n<hr class=\"wp-block-separator\"\/>\n\n\n\n<h2 class=\"wp-block-heading\">Entsch\u00e4digung<\/h2>\n\n\n\n<p>Sie erkl\u00e4ren sich einverstanden, Qigu SAS und seine Mutter-, Tochter- und Filialgesellschaften, Leitenden Angestellten, Belegschaft, Vertreter, Partner und Lizenzgeber (soweit vorhanden) gegen\u00fcber jedweden Anspr\u00fcchen oder Forderungen zu entsch\u00e4digen oder schadlos zu halten, sofern sie verursacht oder die Folge sind von: (a) Ihrem Gebrauch der Applikation; (b) Ihrer Verletzung der Vereinbarung oder irgendwelcher Gesetze und Bestimmungen oder (c) Ihrer Verletzung irgendwelcher Reche Dritter.<\/p>\n\n\n\n<hr class=\"wp-block-separator\"\/>\n\n\n\n<h2 class=\"wp-block-heading\">Keine Gew\u00e4hrleistung<\/h2>\n\n\n\n<p>Die Anwendung wird Ihnen ohne M\u00e4ngelgew\u00e4hr und \u201eWIE VORLIEGEND\u201c und mit allen Fehlern und M\u00e4ngeln, ohne jede Gew\u00e4hrleistung zur Verf\u00fcgung gestellt. Qigu SAS weist im rechtlich maximal zul\u00e4ssigen Umfang, im eigenen Interesse und dem seiner Tochtergesellschaften und deren jeweiligen Lizenzgebern und Dienstleistern, ausdr\u00fccklich s\u00e4mtliche Gew\u00e4hrleistungsanspr\u00fcche in Zusammenhang mit der Applikation zur\u00fcck, ob sie ausdr\u00fccklich, stillschweigend, gesetzlich oder sonstiger Art sind, einschlie\u00dflich der stillschweigenden Gew\u00e4hrleistung, Eignung f\u00fcr einen bestimmten Zweck, Rechtsanspr\u00fcche und Nichtverletzung der Rechte Dritter und Gew\u00e4hrleistungsanspr\u00fcchen, die aufgrund eines Gesch\u00e4ftsablaufs, des Handels oder des Handelsbrauchs entstehen. Ohne Einschr\u00e4nkung der vorherigen Ausf\u00fchrungen gilt, dass Qigu SAS keinerlei Gew\u00e4hrleistung oder Garantie gew\u00e4hrt und keinerlei Gew\u00e4hr daf\u00fcr \u00fcbernimmt, dass die Applikation Ihre Erwartungen erf\u00fcllen, irgendwelche gew\u00fcnschten Ergebnisse erzielen, mit jedweder anderen Software, Anwendungen, Systemen oder Diensten kompatibel und gemeinsam mit ihnen einsetzbar sein, unterbrechungsfrei funktionieren, irgendwelche Leistungs- oder Zuverl\u00e4ssigkeitsstandards einhalten oder fehlerfrei sein wird, oder dass s\u00e4mtliche Fehler oder M\u00e4ngel korrigierbar sind oder korrigiert werden.<\/p>\n\n\n\n<p>Ohne Einschr\u00e4nkung der vorherigen Ausf\u00fchrungen gilt, dass weder Qigu SAS noch irgendwelche Lieferanten von Qigu SAS explizit oder stillschweigend eine Verantwortung oder Garantie jeglicher Art \u00fcbernehmen: (I) hinsichtlich des Betriebs und der Verf\u00fcgbarkeit der Applikation, oder der darin enthaltenen Informationen, Inhalte und Materialien und Produkte; (ii) hinsichtlich der Unterbrechungsfreiheit und Fehlerfreiheit; (iii) hinsichtlich der Genauigkeit, Zuverl\u00e4ssigkeit oder Aktualit\u00e4t jeglicher mittels der Applikation transportierten Informationen oder Inhalte; oder (iv) dass die Applikation, ihre Server, die von oder im Auftrag von Qigu SAS versandten Inhalte oder E-mails frei von Viren, Skripten, Trojanern, W\u00fcrmern, Schadsoftware, Zeitbomben oder anderen sch\u00e4dlichen Bestandteilen sind.<\/p>\n\n\n\n<p>Einige Rechtsprechungen gestatten keine Ausschl\u00fcsse oder Einschr\u00e4nkungen stillschweigender Garantien oder Einschr\u00e4nkungen der anwendbaren gesetzlichen Verbraucherrechte, so dass m\u00f6glicherweise einige oder s\u00e4mtliche der oben genannten Ausschl\u00fcsse oder Einschr\u00e4nkungen auf Sie nicht zur Anwendung kommen.<\/p>\n\n\n\n<hr class=\"wp-block-separator\"\/>\n\n\n\n<h2 class=\"wp-block-heading\">Haftbarkeitsbegrenzung<\/h2>\n\n\n\n<p>Unabh\u00e4ngig von etwaigen von Ihnen erlittenen Nachteilen beschr\u00e4nkt sich jegliche Haftbarkeit seitens Qigu SAS oder irgendwelchen seiner Zulieferer im Rahmen dieser Vereinbarung und Ihre ausschlie\u00dfliche Entsch\u00e4digung im oben genannten Zusammenhang auf den tats\u00e4chlich von Ihnen f\u00fcr die Applikation bezahlten Betrag.<\/p>\n\n\n\n<p>Qigu SAS oder seine Zulieferer werden im maximal rechtlich zul\u00e4ssigen Rahmen in keinem Fall haftbar sein f\u00fcr irgendwelche spezielle, versehentliche, indirekte oder Folgesch\u00e4den jeglicher Art (einschlie\u00dflich, aber ohne Begrenzung auf Schadenersatz f\u00fcr entgangene Gewinne, Verlust von Daten oder anderen Informationen, Unterbrechung der Gesch\u00e4ftsaktivit\u00e4t, Personensch\u00e4den, Verletzung von Datenschutzrechten als Folge von oder in Zusammenhang mit der Nutzung oder Unm\u00f6glichkeit der Nutzung der Applikation, von Drittanbietersoftware und\/oder mit dieser Applikation verwendeter Drittanbieterhardware, oder sonst wie in Zusammenhang mit jedweder Ma\u00dfgabe dieser Bestimmung), selbst wenn Qigu SAS oder irgendeinem Zulieferer die M\u00f6glichkeit solcher Sch\u00e4den angezeigt wurde und selbst wenn die Abhilfsma\u00dfnahme ihren Zweck im Wesentlichen verfehlt.<\/p>\n\n\n\n<p>Manche Staaten\/Rechtsprechungen gestatten nicht den Ausschluss oder die Einschr\u00e4nkung versehentlicher oder Folgesch\u00e4den, so dass obengenannte Einschr\u00e4nkungen oder Ausschl\u00fcsse m\u00f6glicherweise nicht f\u00fcr Sie gelten.<\/p>\n\n\n\n<hr class=\"wp-block-separator\"\/>\n\n\n\n<h2 class=\"wp-block-heading\">Teilnichtigkeit<\/h2>\n\n\n\n<p>Wenn irgendeine Ma\u00dfgabe dieser Vereinbarung als nicht durchsetzbar oder ung\u00fcltig angesehen wird, wird die betreffende Ma\u00dfgabe so ver\u00e4ndert oder interpretiert, dass das Ziel dieser Ma\u00dfgabe im Rahmen des geltenden Rechts im gr\u00f6\u00dftm\u00f6glichen Umfang erreicht wird und die verbleibenden Ma\u00dfnahmen behalten in vollem Umfang ihre G\u00fcltigkeit.<\/p>\n\n\n\n<hr class=\"wp-block-separator\"\/>\n\n\n\n<h2 class=\"wp-block-heading\">Verzicht<\/h2>\n\n\n\n<p>Mit Ausnahme der hier beschriebenen Ausnahmen, hat das Vers\u00e4umnis, ein Recht auszu\u00fcben oder eine Verpflichtung einzufordern, keinerlei Konsequenzen f\u00fcr die M\u00f6glichkeit einer Partei, solche Rechte wahrzunehmen oder solche Leistungen zu einem beliebigem sp\u00e4teren Zeitpunkt einzufordern. Der Verzicht auf Rechte bei einer Vertragsverletzung impliziert keinen Verzicht bei nachfolgenden Vertragsverletzungen.<\/p>\n\n\n\n<hr class=\"wp-block-separator\"\/>\n\n\n\n<h2 class=\"wp-block-heading\">Zus\u00e4tze zu dieser Vereinbarung<\/h2>\n\n\n\n<p>Qigu SAS beh\u00e4lt sich das Recht vor, diese Vereinbarung jederzeit nach eigenem Ermessen zu \u00e4ndern oder ersetzen. Wenn es sich um einen bedeutsamen Unterschied handelt, k\u00fcndigen wir das Inkrafttreten jedweder neuer Bestimmungen mindestens 15\u00a0Tage im Voraus an. Was einen bedeutsamen Unterschied ausmacht, entscheiden wir nach eigenem Ermessen.<\/p>\n\n\n\n<p>Indem Sie fortfahren, nach Inkrafttreten von \u00c4nderungen auf unsere Applikation zuzugreifen oder sie zu nutzen, erkl\u00e4ren Sie sich einverstanden, die ver\u00e4nderten Bestimmungen einzuhalten. Wenn Sie nicht mit den neuen Bestimmungen einverstanden sind, sind Sie nicht l\u00e4nger berechtigt, die Applikation zu nutzen.<\/p>\n\n\n\n<hr class=\"wp-block-separator\"\/>\n\n\n\n<h2 class=\"wp-block-heading\">G\u00fcltiges Recht<\/h2>\n\n\n\n<p>Diese Vereinbarung und Ihr Gebrauch der Applikation unterliegt franz\u00f6sischer Gesetzgebung, mit Ausnahme ihrer Gesetzeskonflikte. Ihr Gebrauch der Applikation kann auch anderen lokalen, bundesstaatlichen, nationalen oder internationalen Gesetzen unterliegen.<\/p>\n\n\n\n<hr class=\"wp-block-separator\"\/>\n\n\n\n<h2 class=\"wp-block-heading\">Kontaktinformation<\/h2>\n\n\n\n<p>Wenn Sie hinsichtlich dieser Vereinbarung irgendwelche Fragen haben, kontaktieren Sie uns bitte.<\/p>\n\n\n\n<hr class=\"wp-block-separator\"\/>\n\n\n\n<h2 class=\"wp-block-heading\">Vollst\u00e4ndige Vereinbarung<\/h2>\n\n\n\n<p>Die Vereinbarung stellt die vollst\u00e4ndige Vereinbarung zwischen Ihnen und Qigu SAS hinsichtlich der Nutzung der Applikation dar und ersetzt alle vorherigen und zeitweiligen schriftlichen oder m\u00fcndlichen Absprachen zwischen Ihnen und Qigu SAS.<\/p>\n\n\n\n<p>Wenn Sie andere Qigu SAS Dienste benutzen, kann es sein, dass Sie zus\u00e4tzlichen Bestimmungen unterliegen, die Ihnen Qigu SAS zum Zeitpunkt solchen Gebrauchs oder Erwerbs mitteilen wird.<\/p>\n","protected":false},"excerpt":{"rendered":"<p>Letzte Aktualisierung: 21. Januar 2020 Bitte lesen Sie diese Endnutzer-Lizenzvereinbarung (\u201edie Vereinbarung\u201c) sorgf\u00e4ltig, bevor Sie beim Runterladen oder Benutzen von Qigu (\u201eder Applikation&#8221;) den Button \u201eIch bin einverstanden\u201c anklicken. Indem Sie den Button \u201eIch bin einverstanden\u201c anklicken, die Applikation runterladen oder benutzen, erkl\u00e4ren Sie Ihr Einverst\u00e4ndnis, sich an die Bestimmungen dieser Vereinbarung zu halten. Diese [&hellip;]<\/p>\n","protected":false},"author":2,"featured_media":0,"parent":0,"menu_order":0,"comment_status":"closed","ping_status":"closed","template":"website_privacy.php","meta":{"footnotes":""},"class_list":["post-888","page","type-page","status-publish","hentry"],"yoast_head":"<!-- This site is optimized with the Yoast SEO plugin v22.5 - https:\/\/yoast.com\/wordpress\/plugins\/seo\/ -->\n<title>Endnutzer-Lizenzvereinbarung - Qigu<\/title>\n<meta name=\"robots\" content=\"index, follow, max-snippet:-1, max-image-preview:large, max-video-preview:-1\" \/>\n<link rel=\"canonical\" href=\"https:\/\/qigu.app\/eula\/\" \/>\n<meta property=\"og:locale\" content=\"de_DE\" \/>\n<meta property=\"og:type\" content=\"article\" \/>\n<meta property=\"og:title\" content=\"Endnutzer-Lizenzvereinbarung - Qigu\" \/>\n<meta property=\"og:description\" content=\"Letzte Aktualisierung: 21. Januar 2020 Bitte lesen Sie diese Endnutzer-Lizenzvereinbarung (\u201edie Vereinbarung\u201c) sorgf\u00e4ltig, bevor Sie beim Runterladen oder Benutzen von Qigu (\u201eder Applikation&#8221;) den Button \u201eIch bin einverstanden\u201c anklicken. Indem Sie den Button \u201eIch bin einverstanden\u201c anklicken, die Applikation runterladen oder benutzen, erkl\u00e4ren Sie Ihr Einverst\u00e4ndnis, sich an die Bestimmungen dieser Vereinbarung zu halten. Diese [&hellip;]\" \/>\n<meta property=\"og:url\" content=\"https:\/\/qigu.app\/eula\/\" \/>\n<meta property=\"og:site_name\" content=\"Qigu\" \/>\n<meta property=\"article:publisher\" content=\"https:\/\/www.facebook.com\/QiguApp\" \/>\n<meta property=\"article:modified_time\" content=\"2020-12-03T21:57:07+00:00\" \/>\n<meta property=\"og:image\" content=\"https:\/\/qigu.app\/wp-content\/uploads\/2020\/10\/header.jpg\" \/>\n\t<meta property=\"og:image:width\" content=\"1200\" \/>\n\t<meta property=\"og:image:height\" content=\"742\" \/>\n\t<meta property=\"og:image:type\" content=\"image\/jpeg\" \/>\n<meta name=\"twitter:card\" content=\"summary_large_image\" \/>\n<meta name=\"twitter:site\" content=\"@qigu_app\" \/>\n<meta name=\"twitter:label1\" content=\"Est. reading time\" \/>\n\t<meta name=\"twitter:data1\" content=\"9 minutes\" \/>\n<script type=\"application\/ld+json\" class=\"yoast-schema-graph\">{\"@context\":\"https:\/\/schema.org\",\"@graph\":[{\"@type\":\"WebPage\",\"@id\":\"https:\/\/qigu.app\/de\/eula\/\",\"url\":\"https:\/\/qigu.app\/eula\/\",\"name\":\"Endnutzer-Lizenzvereinbarung - Qigu\",\"isPartOf\":{\"@id\":\"https:\/\/qigu.app\/#website\"},\"datePublished\":\"2020-08-03T08:39:19+00:00\",\"dateModified\":\"2020-12-03T21:57:07+00:00\",\"breadcrumb\":{\"@id\":\"https:\/\/qigu.app\/eula\/#breadcrumb\"},\"inLanguage\":\"de-DE\",\"potentialAction\":[{\"@type\":\"ReadAction\",\"target\":[\"https:\/\/qigu.app\/eula\/\"]}]},{\"@type\":\"BreadcrumbList\",\"@id\":\"https:\/\/qigu.app\/eula\/#breadcrumb\",\"itemListElement\":[{\"@type\":\"ListItem\",\"position\":1,\"name\":\"Home\",\"item\":\"https:\/\/qigu.app\/de\/home\/\"},{\"@type\":\"ListItem\",\"position\":2,\"name\":\"Endnutzer-Lizenzvereinbarung\"}]},{\"@type\":\"WebSite\",\"@id\":\"https:\/\/qigu.app\/#website\",\"url\":\"https:\/\/qigu.app\/\",\"name\":\"Qigu\",\"description\":\"Turn Knowledge into Action\",\"publisher\":{\"@id\":\"https:\/\/qigu.app\/#organization\"},\"potentialAction\":[{\"@type\":\"SearchAction\",\"target\":{\"@type\":\"EntryPoint\",\"urlTemplate\":\"https:\/\/qigu.app\/?s={search_term_string}\"},\"query-input\":\"required name=search_term_string\"}],\"inLanguage\":\"de-DE\"},{\"@type\":\"Organization\",\"@id\":\"https:\/\/qigu.app\/#organization\",\"name\":\"Qigu\",\"url\":\"https:\/\/qigu.app\/\",\"logo\":{\"@type\":\"ImageObject\",\"inLanguage\":\"de-DE\",\"@id\":\"https:\/\/qigu.app\/#\/schema\/logo\/image\/\",\"url\":\"https:\/\/qigu.app\/wp-content\/uploads\/2020\/08\/Qigu-Logo.png\",\"contentUrl\":\"https:\/\/qigu.app\/wp-content\/uploads\/2020\/08\/Qigu-Logo.png\",\"width\":2560,\"height\":1056,\"caption\":\"Qigu\"},\"image\":{\"@id\":\"https:\/\/qigu.app\/#\/schema\/logo\/image\/\"},\"sameAs\":[\"https:\/\/www.facebook.com\/QiguApp\",\"https:\/\/x.com\/qigu_app\",\"https:\/\/www.instagram.com\/qigu.app\/\",\"https:\/\/www.linkedin.com\/company\/qigu\",\"https:\/\/www.youtube.com\/channel\/UCtVyr3fE5J_uArHYeOlBgFQ\"]}]}<\/script>\n<!-- \/ Yoast SEO plugin. -->","yoast_head_json":{"title":"Endnutzer-Lizenzvereinbarung - Qigu","robots":{"index":"index","follow":"follow","max-snippet":"max-snippet:-1","max-image-preview":"max-image-preview:large","max-video-preview":"max-video-preview:-1"},"canonical":"https:\/\/qigu.app\/eula\/","og_locale":"de_DE","og_type":"article","og_title":"Endnutzer-Lizenzvereinbarung - Qigu","og_description":"Letzte Aktualisierung: 21. Januar 2020 Bitte lesen Sie diese Endnutzer-Lizenzvereinbarung (\u201edie Vereinbarung\u201c) sorgf\u00e4ltig, bevor Sie beim Runterladen oder Benutzen von Qigu (\u201eder Applikation&#8221;) den Button \u201eIch bin einverstanden\u201c anklicken. Indem Sie den Button \u201eIch bin einverstanden\u201c anklicken, die Applikation runterladen oder benutzen, erkl\u00e4ren Sie Ihr Einverst\u00e4ndnis, sich an die Bestimmungen dieser Vereinbarung zu halten. Diese [&hellip;]","og_url":"https:\/\/qigu.app\/eula\/","og_site_name":"Qigu","article_publisher":"https:\/\/www.facebook.com\/QiguApp","article_modified_time":"2020-12-03T21:57:07+00:00","og_image":[{"width":1200,"height":742,"url":"https:\/\/qigu.app\/wp-content\/uploads\/2020\/10\/header.jpg","type":"image\/jpeg"}],"twitter_card":"summary_large_image","twitter_site":"@qigu_app","twitter_misc":{"Est. reading time":"9 minutes"},"schema":{"@context":"https:\/\/schema.org","@graph":[{"@type":"WebPage","@id":"https:\/\/qigu.app\/de\/eula\/","url":"https:\/\/qigu.app\/eula\/","name":"Endnutzer-Lizenzvereinbarung - Qigu","isPartOf":{"@id":"https:\/\/qigu.app\/#website"},"datePublished":"2020-08-03T08:39:19+00:00","dateModified":"2020-12-03T21:57:07+00:00","breadcrumb":{"@id":"https:\/\/qigu.app\/eula\/#breadcrumb"},"inLanguage":"de-DE","potentialAction":[{"@type":"ReadAction","target":["https:\/\/qigu.app\/eula\/"]}]},{"@type":"BreadcrumbList","@id":"https:\/\/qigu.app\/eula\/#breadcrumb","itemListElement":[{"@type":"ListItem","position":1,"name":"Home","item":"https:\/\/qigu.app\/de\/home\/"},{"@type":"ListItem","position":2,"name":"Endnutzer-Lizenzvereinbarung"}]},{"@type":"WebSite","@id":"https:\/\/qigu.app\/#website","url":"https:\/\/qigu.app\/","name":"Qigu","description":"Turn Knowledge into Action","publisher":{"@id":"https:\/\/qigu.app\/#organization"},"potentialAction":[{"@type":"SearchAction","target":{"@type":"EntryPoint","urlTemplate":"https:\/\/qigu.app\/?s={search_term_string}"},"query-input":"required name=search_term_string"}],"inLanguage":"de-DE"},{"@type":"Organization","@id":"https:\/\/qigu.app\/#organization","name":"Qigu","url":"https:\/\/qigu.app\/","logo":{"@type":"ImageObject","inLanguage":"de-DE","@id":"https:\/\/qigu.app\/#\/schema\/logo\/image\/","url":"https:\/\/qigu.app\/wp-content\/uploads\/2020\/08\/Qigu-Logo.png","contentUrl":"https:\/\/qigu.app\/wp-content\/uploads\/2020\/08\/Qigu-Logo.png","width":2560,"height":1056,"caption":"Qigu"},"image":{"@id":"https:\/\/qigu.app\/#\/schema\/logo\/image\/"},"sameAs":["https:\/\/www.facebook.com\/QiguApp","https:\/\/x.com\/qigu_app","https:\/\/www.instagram.com\/qigu.app\/","https:\/\/www.linkedin.com\/company\/qigu","https:\/\/www.youtube.com\/channel\/UCtVyr3fE5J_uArHYeOlBgFQ"]}]}},"_links":{"self":[{"href":"https:\/\/qigu.app\/de\/wp-json\/wp\/v2\/pages\/888","targetHints":{"allow":["GET"]}}],"collection":[{"href":"https:\/\/qigu.app\/de\/wp-json\/wp\/v2\/pages"}],"about":[{"href":"https:\/\/qigu.app\/de\/wp-json\/wp\/v2\/types\/page"}],"author":[{"embeddable":true,"href":"https:\/\/qigu.app\/de\/wp-json\/wp\/v2\/users\/2"}],"replies":[{"embeddable":true,"href":"https:\/\/qigu.app\/de\/wp-json\/wp\/v2\/comments?post=888"}],"version-history":[{"count":3,"href":"https:\/\/qigu.app\/de\/wp-json\/wp\/v2\/pages\/888\/revisions"}],"predecessor-version":[{"id":2431,"href":"https:\/\/qigu.app\/de\/wp-json\/wp\/v2\/pages\/888\/revisions\/2431"}],"wp:attachment":[{"href":"https:\/\/qigu.app\/de\/wp-json\/wp\/v2\/media?parent=888"}],"curies":[{"name":"wp","href":"https:\/\/api.w.org\/{rel}","templated":true}]}}